{"id":22,"date":"2015-11-12T13:27:06","date_gmt":"2015-11-12T13:27:06","guid":{"rendered":"https:\/\/jesusfernandezbailaor.com\/flamenco\/?page_id=22"},"modified":"2016-10-21T17:37:09","modified_gmt":"2016-10-21T17:37:09","slug":"mi-flamenco-agenda-artistica","status":"publish","type":"page","link":"https:\/\/jesusfernandezbailaor.com\/flamenco\/mi-dia-a-dia\/mi-flamenco-agenda-artistica\/","title":{"rendered":"Mi flamenco agenda art\u00edstica"},"content":{"rendered":"<div class=\"fusion-bg-parallax\" data-bg-align=\"left top\" data-direction=\"up\" data-mute=\"yes\" data-opacity=\"100\" data-velocity=\"-0.3\" data-mobile-enabled=\"false\" data-break-parents=\"0\" data-bg-repeat=\"false\"><\/div><div class=\"fusion-fullwidth fullwidth-box fusion-fullwidth-1  fusion-parallax-up nonhundred-percent-fullwidth\" style=\"border-color:#eae9e9;border-bottom-width: 0px;border-top-width: 0px;border-bottom-style: solid;border-top-style: solid;padding-bottom:200px;padding-top:50px;padding-left:0px;padding-right:0px;\"><style type=\"text\/css\" scoped=\"scoped\">.fusion-fullwidth-1 {\n                            padding-left: 0px !important;\n                            padding-right: 0px !important;\n                        }<\/style><div class=\"fusion-row\"><div class=\"fusion-one-full fusion-layout-column fusion-column-last fusion-spacing-yes\" style=\"margin-top:0px;margin-bottom:20px;\"><div class=\"fusion-column-wrapper\" style=\"background-color:rgba(0,0,0,0.7);border:1px solid #000000;padding:20px 20px 0px 20px;\"><p style=\"text-align: justify;\"><span style=\"color: #ffffff;\">En estos momentos Jes\u00fas est\u00e1 en una fase muy creativa de su carrera, comprendiendo el flamenco de una forma m\u00e1s transversal, no s\u00f3lo presta atenci\u00f3n en el baile, sino tambi\u00e9n en la atm\u00f3sfera que con este se crea. Su mayor aliado ahora mismo el comp\u00e1s, sobre el que juega, experimenta y crea.<\/span><\/p>\n<p style=\"text-align: justify;\"><span style=\"color: #ffffff;\">Bas\u00e1ndose en las estructuras m\u00e1s tradicionales del flamenco, siempre respetando su esencia, Jes\u00fas quiere mostrar el flamenco que \u00e9l lleva dentro, sin l\u00edmites, sin ataduras\u2026 como lo siente, como le nace\u2026<\/span><\/p>\n<div class=\"fusion-blog-shortcode fusion-blog-shortcode-1 fusion-blog-archive fusion-blog-layout-grid-wrapper fusion-blog-pagination\"><style type=\"text\/css\">.fusion-blog-shortcode-1 .fusion-blog-layout-grid .fusion-post-grid{padding:20px;}.fusion-blog-shortcode-1 .fusion-posts-container{margin-left: -20px !important; margin-right:-20px !important;}<\/style><div class=\"fusion-posts-container fusion-posts-container-pagination fusion-blog-layout-grid fusion-blog-layout-grid-3 isotope\" data-pages=\"0\" data-grid-col-space=\"40\" style=\"margin: -20px -20px 0;height:500px;\"><div id=\"post-1073\" class=\"fusion-post-grid post-1073 post type-post status-publish format-standard has-post-thumbnail hentry category-agenda\">\n<div class=\"fusion-post-wrapper\">\n\n\n\t<div class=\"fusion-flexslider flexslider fusion-flexslider-loading fusion-post-slideshow\">\n\t\t<ul class=\"slides\">\n\t\t\t\n\t\t\t\t\t\t\t\t\t\t\t\t\t\t\t\t\t\t<li>\n<div class=\"fusion-image-wrapper\" aria-haspopup=\"true\">\n\n\t\n\t\t\n\t\t\t\t\t<img width=\"900\" height=\"600\" src=\"https:\/\/jesusfernandezbailaor.com\/flamenco\/wp-content\/uploads\/2016\/09\/17021924_10210644691305695_8276956197391351894_n-400x267.jpg\" class=\"attachment-full size-full wp-post-image\" alt=\"\" loading=\"lazy\" srcset=\"https:\/\/jesusfernandezbailaor.com\/flamenco\/wp-content\/uploads\/2016\/09\/17021924_10210644691305695_8276956197391351894_n-200x133.jpg 200w, https:\/\/jesusfernandezbailaor.com\/flamenco\/wp-content\/uploads\/2016\/09\/17021924_10210644691305695_8276956197391351894_n-400x267.jpg 400w, https:\/\/jesusfernandezbailaor.com\/flamenco\/wp-content\/uploads\/2016\/09\/17021924_10210644691305695_8276956197391351894_n-600x400.jpg 600w, https:\/\/jesusfernandezbailaor.com\/flamenco\/wp-content\/uploads\/2016\/09\/17021924_10210644691305695_8276956197391351894_n-800x533.jpg 800w\" sizes=\"(min-width: 824px) 367px, (min-width: 732px) 550px, (min-width: 640px) 732px, 100vw\" \/>\n\t\n\n\t\t<div class=\"fusion-rollover\">\n\t<div class=\"fusion-rollover-content\">\n\n\t\t\t\t\t\t\t\t\t\t\t\t\t\t<a class=\"fusion-rollover-link\" href=\"https:\/\/jesusfernandezbailaor.com\/flamenco\/marzo-abril-2017-2\/\">Permalink<\/a>\n\t\t\t\n\t\t\t\t\t\t\t\t\t\t\t\t\t\t\n\t\t\t\t\t\t\t\t\n\t\t\t\t\t\t\t\t\t\t\t\t\t<div class=\"fusion-rollover-sep\"><\/div>\n\t\t\t\t\n\t\t\t\t\t\t\t\t\t\t\t\t\t\t\t\t\t\t<a class=\"fusion-rollover-gallery\" href=\"https:\/\/jesusfernandezbailaor.com\/flamenco\/wp-content\/uploads\/2016\/09\/17021924_10210644691305695_8276956197391351894_n.jpg\" data-id=\"1073\" data-rel=\"iLightbox[gallery]\" data-title=\"17021924_10210644691305695_8276956197391351894_n\" data-caption=\"\">\n\t\t\t\t\t\tGallery\t\t\t\t\t<\/a>\n\t\t\t\t\t\t\t\t\t\t\t\t\t\t\n\t\t\t\t\t\t\t<h4 class=\"fusion-rollover-title\">\n\t\t\t\t<a href=\"https:\/\/jesusfernandezbailaor.com\/flamenco\/marzo-abril-2017-2\/\">\n\t\t\t\t\tMarzo &#8211; Abril 2017\t\t\t\t<\/a>\n\t\t\t<\/h4>\n\t\t\n\t\t\t\t\t\t\t\n\t\t\t<div class=\"fusion-rollover-categories\"><a href=\"https:\/\/jesusfernandezbailaor.com\/flamenco\/category\/agenda\/\" rel=\"tag\">Agenda<\/a><\/div>\t\t\n\t\t\n\t\t\t\t\n\t\t\t\t\n\t\t\t\t\t<\/div>\n<\/div>\n\n\t\n<\/div>\n<\/li>\n\t\t\t\n\t\t\t\t\t\t\t\t\t\t\t\t\t\t\t\t\t\t\t\t\t\t\t\t\t\t\t\t\t\t\t\t\t\t\t\t\t\t\t\t\t\t\t\t\t\t\t\t\t\t\t\t\t\t\t\t\t\t\t\t\t\t\t\t\t\t\t\t\t\t\t<\/ul>\n\t<\/div>\n<div class=\"fusion-post-content-wrapper\"><div class=\"fusion-post-content post-content\"><h2 class=\"entry-title\"><a href=\"https:\/\/jesusfernandezbailaor.com\/flamenco\/marzo-abril-2017-2\/\">Marzo &#8211; Abril 2017<\/a><\/h2><div class=\"fusion-post-content-container\"><\/div><\/div><\/div><div class=\"fusion-clearfix\"><\/div><\/div>\n<\/div>\n<div id=\"post-1045\" class=\"fusion-post-grid post-1045 post type-post status-publish format-standard has-post-thumbnail hentry category-agenda\">\n<div class=\"fusion-post-wrapper\">\n\n\n\t<div class=\"fusion-flexslider flexslider fusion-flexslider-loading fusion-post-slideshow\">\n\t\t<ul class=\"slides\">\n\t\t\t\n\t\t\t\t\t\t\t\t\t\t\t\t\t\t\t\t\t\t<li>\n<div class=\"fusion-image-wrapper\" aria-haspopup=\"true\">\n\n\t\n\t\t\n\t\t\t\t\t<img width=\"2048\" height=\"1365\" src=\"https:\/\/jesusfernandezbailaor.com\/flamenco\/wp-content\/uploads\/2016\/09\/13244081_519637134891583_1418447143088790802_o-400x267.jpg\" class=\"attachment-full size-full wp-post-image\" alt=\"\" loading=\"lazy\" srcset=\"https:\/\/jesusfernandezbailaor.com\/flamenco\/wp-content\/uploads\/2016\/09\/13244081_519637134891583_1418447143088790802_o-200x133.jpg 200w, https:\/\/jesusfernandezbailaor.com\/flamenco\/wp-content\/uploads\/2016\/09\/13244081_519637134891583_1418447143088790802_o-400x267.jpg 400w, https:\/\/jesusfernandezbailaor.com\/flamenco\/wp-content\/uploads\/2016\/09\/13244081_519637134891583_1418447143088790802_o-600x400.jpg 600w, https:\/\/jesusfernandezbailaor.com\/flamenco\/wp-content\/uploads\/2016\/09\/13244081_519637134891583_1418447143088790802_o-800x533.jpg 800w, https:\/\/jesusfernandezbailaor.com\/flamenco\/wp-content\/uploads\/2016\/09\/13244081_519637134891583_1418447143088790802_o-1200x800.jpg 1200w\" sizes=\"(min-width: 824px) 367px, (min-width: 732px) 550px, (min-width: 640px) 732px, 100vw\" \/>\n\t\n\n\t\t<div class=\"fusion-rollover\">\n\t<div class=\"fusion-rollover-content\">\n\n\t\t\t\t\t\t\t\t\t\t\t\t\t\t<a class=\"fusion-rollover-link\" href=\"https:\/\/jesusfernandezbailaor.com\/flamenco\/enero-febrero-2017-2\/\">Permalink<\/a>\n\t\t\t\n\t\t\t\t\t\t\t\t\t\t\t\t\t\t\n\t\t\t\t\t\t\t\t\n\t\t\t\t\t\t\t\t\t\t\t\t\t<div class=\"fusion-rollover-sep\"><\/div>\n\t\t\t\t\n\t\t\t\t\t\t\t\t\t\t\t\t\t\t\t\t\t\t<a class=\"fusion-rollover-gallery\" href=\"https:\/\/jesusfernandezbailaor.com\/flamenco\/wp-content\/uploads\/2016\/09\/13244081_519637134891583_1418447143088790802_o.jpg\" data-id=\"1045\" data-rel=\"iLightbox[gallery]\" data-title=\"13244081_519637134891583_1418447143088790802_o\" data-caption=\"\">\n\t\t\t\t\t\tGallery\t\t\t\t\t<\/a>\n\t\t\t\t\t\t\t\t\t\t\t\t\t\t\n\t\t\t\t\t\t\t<h4 class=\"fusion-rollover-title\">\n\t\t\t\t<a href=\"https:\/\/jesusfernandezbailaor.com\/flamenco\/enero-febrero-2017-2\/\">\n\t\t\t\t\tEnero &#8211; Febrero 2017\t\t\t\t<\/a>\n\t\t\t<\/h4>\n\t\t\n\t\t\t\t\t\t\t\n\t\t\t<div class=\"fusion-rollover-categories\"><a href=\"https:\/\/jesusfernandezbailaor.com\/flamenco\/category\/agenda\/\" rel=\"tag\">Agenda<\/a><\/div>\t\t\n\t\t\n\t\t\t\t\n\t\t\t\t\n\t\t\t\t\t<\/div>\n<\/div>\n\n\t\n<\/div>\n<\/li>\n\t\t\t\n\t\t\t\t\t\t\t\t\t\t\t\t\t\t\t\t\t\t\t\t\t\t\t\t\t\t\t\t\t\t\t\t\t\t\t\t\t\t\t\t\t\t\t\t\t\t\t\t\t\t\t\t\t\t\t\t\t\t\t\t\t\t\t\t\t\t\t\t\t\t\t<\/ul>\n\t<\/div>\n<div class=\"fusion-post-content-wrapper\"><div class=\"fusion-post-content post-content\"><h2 class=\"entry-title\"><a href=\"https:\/\/jesusfernandezbailaor.com\/flamenco\/enero-febrero-2017-2\/\">Enero &#8211; Febrero 2017<\/a><\/h2><div class=\"fusion-post-content-container\"><\/div><\/div><\/div><div class=\"fusion-clearfix\"><\/div><\/div>\n<\/div>\n<div id=\"post-954\" class=\"fusion-post-grid post-954 post type-post status-publish format-standard has-post-thumbnail hentry category-agenda\">\n<div class=\"fusion-post-wrapper\">\n\n\n\t<div class=\"fusion-flexslider flexslider fusion-flexslider-loading fusion-post-slideshow\">\n\t\t<ul class=\"slides\">\n\t\t\t\n\t\t\t\t\t\t\t\t\t\t\t\t\t\t\t\t\t\t<li>\n<div class=\"fusion-image-wrapper\" aria-haspopup=\"true\">\n\n\t\n\t\t\n\t\t\t\t\t<img width=\"900\" height=\"600\" src=\"https:\/\/jesusfernandezbailaor.com\/flamenco\/wp-content\/uploads\/2016\/09\/17103317_10210644690465674_6482498267117098443_n-400x267.jpg\" class=\"attachment-full size-full wp-post-image\" alt=\"\" loading=\"lazy\" srcset=\"https:\/\/jesusfernandezbailaor.com\/flamenco\/wp-content\/uploads\/2016\/09\/17103317_10210644690465674_6482498267117098443_n-200x133.jpg 200w, https:\/\/jesusfernandezbailaor.com\/flamenco\/wp-content\/uploads\/2016\/09\/17103317_10210644690465674_6482498267117098443_n-400x267.jpg 400w, https:\/\/jesusfernandezbailaor.com\/flamenco\/wp-content\/uploads\/2016\/09\/17103317_10210644690465674_6482498267117098443_n-600x400.jpg 600w, https:\/\/jesusfernandezbailaor.com\/flamenco\/wp-content\/uploads\/2016\/09\/17103317_10210644690465674_6482498267117098443_n-800x533.jpg 800w\" sizes=\"(min-width: 824px) 367px, (min-width: 732px) 550px, (min-width: 640px) 732px, 100vw\" \/>\n\t\n\n\t\t<div class=\"fusion-rollover\">\n\t<div class=\"fusion-rollover-content\">\n\n\t\t\t\t\t\t\t\t\t\t\t\t\t\t<a class=\"fusion-rollover-link\" href=\"https:\/\/jesusfernandezbailaor.com\/flamenco\/diciembre-2016\/\">Permalink<\/a>\n\t\t\t\n\t\t\t\t\t\t\t\t\t\t\t\t\t\t\n\t\t\t\t\t\t\t\t\n\t\t\t\t\t\t\t\t\t\t\t\t\t<div class=\"fusion-rollover-sep\"><\/div>\n\t\t\t\t\n\t\t\t\t\t\t\t\t\t\t\t\t\t\t\t\t\t\t<a class=\"fusion-rollover-gallery\" href=\"https:\/\/jesusfernandezbailaor.com\/flamenco\/wp-content\/uploads\/2016\/09\/17103317_10210644690465674_6482498267117098443_n.jpg\" data-id=\"954\" data-rel=\"iLightbox[gallery]\" data-title=\"17103317_10210644690465674_6482498267117098443_n\" data-caption=\"\">\n\t\t\t\t\t\tGallery\t\t\t\t\t<\/a>\n\t\t\t\t\t\t\t\t\t\t\t\t\t\t\n\t\t\t\t\t\t\t<h4 class=\"fusion-rollover-title\">\n\t\t\t\t<a href=\"https:\/\/jesusfernandezbailaor.com\/flamenco\/diciembre-2016\/\">\n\t\t\t\t\tDiciembre  2016\t\t\t\t<\/a>\n\t\t\t<\/h4>\n\t\t\n\t\t\t\t\t\t\t\n\t\t\t<div class=\"fusion-rollover-categories\"><a href=\"https:\/\/jesusfernandezbailaor.com\/flamenco\/category\/agenda\/\" rel=\"tag\">Agenda<\/a><\/div>\t\t\n\t\t\n\t\t\t\t\n\t\t\t\t\n\t\t\t\t\t<\/div>\n<\/div>\n\n\t\n<\/div>\n<\/li>\n\t\t\t\n\t\t\t\t\t\t\t\t\t\t\t\t\t\t\t\t\t\t\t\t\t\t\t\t\t\t\t\t\t\t\t\t\t\t\t\t\t\t\t\t\t\t\t\t\t\t\t\t\t\t\t\t\t\t\t\t\t\t\t\t\t\t\t\t\t\t\t\t\t\t\t<\/ul>\n\t<\/div>\n<div class=\"fusion-post-content-wrapper\"><div class=\"fusion-post-content post-content\"><h2 class=\"entry-title\"><a href=\"https:\/\/jesusfernandezbailaor.com\/flamenco\/diciembre-2016\/\">Diciembre  2016<\/a><\/h2><div class=\"fusion-post-content-container\"><\/div><\/div><\/div><div class=\"fusion-clearfix\"><\/div><\/div>\n<\/div>\n<div id=\"post-912\" class=\"fusion-post-grid post-912 post type-post status-publish format-standard has-post-thumbnail hentry category-agenda\">\n<div class=\"fusion-post-wrapper\">\n\n\n\t<div class=\"fusion-flexslider flexslider fusion-flexslider-loading fusion-post-slideshow\">\n\t\t<ul class=\"slides\">\n\t\t\t\n\t\t\t\t\t\t\t\t\t\t\t\t\t\t\t\t\t\t<li>\n<div class=\"fusion-image-wrapper\" aria-haspopup=\"true\">\n\n\t\n\t\t\n\t\t\t\t\t<img width=\"2048\" height=\"1366\" src=\"https:\/\/jesusfernandezbailaor.com\/flamenco\/wp-content\/uploads\/2016\/09\/11402310_10207357873690216_7157750568907304111_o-400x267.jpg\" class=\"attachment-full size-full wp-post-image\" alt=\"\" loading=\"lazy\" srcset=\"https:\/\/jesusfernandezbailaor.com\/flamenco\/wp-content\/uploads\/2016\/09\/11402310_10207357873690216_7157750568907304111_o-200x133.jpg 200w, https:\/\/jesusfernandezbailaor.com\/flamenco\/wp-content\/uploads\/2016\/09\/11402310_10207357873690216_7157750568907304111_o-400x267.jpg 400w, https:\/\/jesusfernandezbailaor.com\/flamenco\/wp-content\/uploads\/2016\/09\/11402310_10207357873690216_7157750568907304111_o-600x400.jpg 600w, https:\/\/jesusfernandezbailaor.com\/flamenco\/wp-content\/uploads\/2016\/09\/11402310_10207357873690216_7157750568907304111_o-800x534.jpg 800w, https:\/\/jesusfernandezbailaor.com\/flamenco\/wp-content\/uploads\/2016\/09\/11402310_10207357873690216_7157750568907304111_o-1200x800.jpg 1200w\" sizes=\"(min-width: 824px) 367px, (min-width: 732px) 550px, (min-width: 640px) 732px, 100vw\" \/>\n\t\n\n\t\t<div class=\"fusion-rollover\">\n\t<div class=\"fusion-rollover-content\">\n\n\t\t\t\t\t\t\t\t\t\t\t\t\t\t<a class=\"fusion-rollover-link\" href=\"https:\/\/jesusfernandezbailaor.com\/flamenco\/octubre-y-noviembre-2016\/\">Permalink<\/a>\n\t\t\t\n\t\t\t\t\t\t\t\t\t\t\t\t\t\t\n\t\t\t\t\t\t\t\t\n\t\t\t\t\t\t\t\t\t\t\t\t\t<div class=\"fusion-rollover-sep\"><\/div>\n\t\t\t\t\n\t\t\t\t\t\t\t\t\t\t\t\t\t\t\t\t\t\t<a class=\"fusion-rollover-gallery\" href=\"https:\/\/jesusfernandezbailaor.com\/flamenco\/wp-content\/uploads\/2016\/09\/11402310_10207357873690216_7157750568907304111_o.jpg\" data-id=\"912\" data-rel=\"iLightbox[gallery]\" data-title=\"11402310_10207357873690216_7157750568907304111_o\" data-caption=\"\">\n\t\t\t\t\t\tGallery\t\t\t\t\t<\/a>\n\t\t\t\t\t\t\t\t\t\t\t\t\t\t\n\t\t\t\t\t\t\t<h4 class=\"fusion-rollover-title\">\n\t\t\t\t<a href=\"https:\/\/jesusfernandezbailaor.com\/flamenco\/octubre-y-noviembre-2016\/\">\n\t\t\t\t\tOctubre &#8211; Noviembre  2016\t\t\t\t<\/a>\n\t\t\t<\/h4>\n\t\t\n\t\t\t\t\t\t\t\n\t\t\t<div class=\"fusion-rollover-categories\"><a href=\"https:\/\/jesusfernandezbailaor.com\/flamenco\/category\/agenda\/\" rel=\"tag\">Agenda<\/a><\/div>\t\t\n\t\t\n\t\t\t\t\n\t\t\t\t\n\t\t\t\t\t<\/div>\n<\/div>\n\n\t\n<\/div>\n<\/li>\n\t\t\t\n\t\t\t\t\t\t\t\t\t\t\t\t\t\t\t\t\t\t\t\t\t\t\t\t\t\t\t\t\t\t\t\t\t\t\t\t\t\t\t\t\t\t\t\t\t\t\t\t\t\t\t\t\t\t\t\t\t\t\t\t\t\t\t\t\t\t\t\t\t\t\t<\/ul>\n\t<\/div>\n<div class=\"fusion-post-content-wrapper\"><div class=\"fusion-post-content post-content\"><h2 class=\"entry-title\"><a href=\"https:\/\/jesusfernandezbailaor.com\/flamenco\/octubre-y-noviembre-2016\/\">Octubre &#8211; Noviembre  2016<\/a><\/h2><div class=\"fusion-post-content-container\"><\/div><\/div><\/div><div class=\"fusion-clearfix\"><\/div><\/div>\n<\/div>\n<div id=\"post-909\" class=\"fusion-post-grid post-909 post type-post status-publish format-standard has-post-thumbnail hentry category-agenda\">\n<div class=\"fusion-post-wrapper\">\n\n\n\t<div class=\"fusion-flexslider flexslider fusion-flexslider-loading fusion-post-slideshow\">\n\t\t<ul class=\"slides\">\n\t\t\t\n\t\t\t\t\t\t\t\t\t\t\t\t\t\t\t\t\t\t<li>\n<div class=\"fusion-image-wrapper\" aria-haspopup=\"true\">\n\n\t\n\t\t\n\t\t\t\t\t<img width=\"5472\" height=\"3648\" src=\"https:\/\/jesusfernandezbailaor.com\/flamenco\/wp-content\/uploads\/2016\/09\/jesus06-400x267.jpg\" class=\"attachment-full size-full wp-post-image\" alt=\"\" loading=\"lazy\" srcset=\"https:\/\/jesusfernandezbailaor.com\/flamenco\/wp-content\/uploads\/2016\/09\/jesus06-200x133.jpg 200w, https:\/\/jesusfernandezbailaor.com\/flamenco\/wp-content\/uploads\/2016\/09\/jesus06-400x267.jpg 400w, https:\/\/jesusfernandezbailaor.com\/flamenco\/wp-content\/uploads\/2016\/09\/jesus06-600x400.jpg 600w, https:\/\/jesusfernandezbailaor.com\/flamenco\/wp-content\/uploads\/2016\/09\/jesus06-800x533.jpg 800w, https:\/\/jesusfernandezbailaor.com\/flamenco\/wp-content\/uploads\/2016\/09\/jesus06-1200x800.jpg 1200w\" sizes=\"(min-width: 824px) 367px, (min-width: 732px) 550px, (min-width: 640px) 732px, 100vw\" \/>\n\t\n\n\t\t<div class=\"fusion-rollover\">\n\t<div class=\"fusion-rollover-content\">\n\n\t\t\t\t\t\t\t\t\t\t\t\t\t\t<a class=\"fusion-rollover-link\" href=\"https:\/\/jesusfernandezbailaor.com\/flamenco\/agosto-y-septiembre-2016\/\">Permalink<\/a>\n\t\t\t\n\t\t\t\t\t\t\t\t\t\t\t\t\t\t\n\t\t\t\t\t\t\t\t\n\t\t\t\t\t\t\t\t\t\t\t\t\t<div class=\"fusion-rollover-sep\"><\/div>\n\t\t\t\t\n\t\t\t\t\t\t\t\t\t\t\t\t\t\t\t\t\t\t<a class=\"fusion-rollover-gallery\" href=\"https:\/\/jesusfernandezbailaor.com\/flamenco\/wp-content\/uploads\/2016\/09\/jesus06.jpg\" data-id=\"909\" data-rel=\"iLightbox[gallery]\" data-title=\"jesus06\" data-caption=\"\">\n\t\t\t\t\t\tGallery\t\t\t\t\t<\/a>\n\t\t\t\t\t\t\t\t\t\t\t\t\t\t\n\t\t\t\t\t\t\t<h4 class=\"fusion-rollover-title\">\n\t\t\t\t<a href=\"https:\/\/jesusfernandezbailaor.com\/flamenco\/agosto-y-septiembre-2016\/\">\n\t\t\t\t\tAgosto &#8211; Septiembre  2016\t\t\t\t<\/a>\n\t\t\t<\/h4>\n\t\t\n\t\t\t\t\t\t\t\n\t\t\t<div class=\"fusion-rollover-categories\"><a href=\"https:\/\/jesusfernandezbailaor.com\/flamenco\/category\/agenda\/\" rel=\"tag\">Agenda<\/a><\/div>\t\t\n\t\t\n\t\t\t\t\n\t\t\t\t\n\t\t\t\t\t<\/div>\n<\/div>\n\n\t\n<\/div>\n<\/li>\n\t\t\t\n\t\t\t\t\t\t\t\t\t\t\t\t\t\t\t\t\t\t\t\t\t\t\t\t\t\t\t\t\t\t\t\t\t\t\t\t\t\t\t\t\t\t\t\t\t\t\t\t\t\t\t\t\t\t\t\t\t\t\t\t\t\t\t\t\t\t\t\t\t\t\t<\/ul>\n\t<\/div>\n<div class=\"fusion-post-content-wrapper\"><div class=\"fusion-post-content post-content\"><h2 class=\"entry-title\"><a href=\"https:\/\/jesusfernandezbailaor.com\/flamenco\/agosto-y-septiembre-2016\/\">Agosto &#8211; Septiembre  2016<\/a><\/h2><div class=\"fusion-post-content-container\"><\/div><\/div><\/div><div class=\"fusion-clearfix\"><\/div><\/div>\n<\/div>\n<div id=\"post-877\" class=\"fusion-post-grid post-877 post type-post status-publish format-standard has-post-thumbnail hentry category-agenda\">\n<div class=\"fusion-post-wrapper\">\n\n\n\t<div class=\"fusion-flexslider flexslider fusion-flexslider-loading fusion-post-slideshow\">\n\t\t<ul class=\"slides\">\n\t\t\t\n\t\t\t\t\t\t\t\t\t\t\t\t\t\t\t\t\t\t<li>\n<div class=\"fusion-image-wrapper\" aria-haspopup=\"true\">\n\n\t\n\t\t\n\t\t\t\t\t<img width=\"2048\" height=\"1365\" src=\"https:\/\/jesusfernandezbailaor.com\/flamenco\/wp-content\/uploads\/2016\/06\/13243963_522459404609356_4148781510873220019_o-400x267.jpg\" class=\"attachment-full size-full wp-post-image\" alt=\"\" loading=\"lazy\" srcset=\"https:\/\/jesusfernandezbailaor.com\/flamenco\/wp-content\/uploads\/2016\/06\/13243963_522459404609356_4148781510873220019_o-200x133.jpg 200w, https:\/\/jesusfernandezbailaor.com\/flamenco\/wp-content\/uploads\/2016\/06\/13243963_522459404609356_4148781510873220019_o-400x267.jpg 400w, https:\/\/jesusfernandezbailaor.com\/flamenco\/wp-content\/uploads\/2016\/06\/13243963_522459404609356_4148781510873220019_o-600x400.jpg 600w, https:\/\/jesusfernandezbailaor.com\/flamenco\/wp-content\/uploads\/2016\/06\/13243963_522459404609356_4148781510873220019_o-800x533.jpg 800w, https:\/\/jesusfernandezbailaor.com\/flamenco\/wp-content\/uploads\/2016\/06\/13243963_522459404609356_4148781510873220019_o-1200x800.jpg 1200w\" sizes=\"(min-width: 824px) 367px, (min-width: 732px) 550px, (min-width: 640px) 732px, 100vw\" \/>\n\t\n\n\t\t<div class=\"fusion-rollover\">\n\t<div class=\"fusion-rollover-content\">\n\n\t\t\t\t\t\t\t\t\t\t\t\t\t\t<a class=\"fusion-rollover-link\" href=\"https:\/\/jesusfernandezbailaor.com\/flamenco\/junio-y-julio-2016-2\/\">Permalink<\/a>\n\t\t\t\n\t\t\t\t\t\t\t\t\t\t\t\t\t\t\n\t\t\t\t\t\t\t\t\n\t\t\t\t\t\t\t\t\t\t\t\t\t<div class=\"fusion-rollover-sep\"><\/div>\n\t\t\t\t\n\t\t\t\t\t\t\t\t\t\t\t\t\t\t\t\t\t\t<a class=\"fusion-rollover-gallery\" href=\"https:\/\/jesusfernandezbailaor.com\/flamenco\/wp-content\/uploads\/2016\/06\/13243963_522459404609356_4148781510873220019_o.jpg\" data-id=\"877\" data-rel=\"iLightbox[gallery]\" data-title=\"13243963_522459404609356_4148781510873220019_o\" data-caption=\"\">\n\t\t\t\t\t\tGallery\t\t\t\t\t<\/a>\n\t\t\t\t\t\t\t\t\t\t\t\t\t\t\n\t\t\t\t\t\t\t<h4 class=\"fusion-rollover-title\">\n\t\t\t\t<a href=\"https:\/\/jesusfernandezbailaor.com\/flamenco\/junio-y-julio-2016-2\/\">\n\t\t\t\t\tJunio &#8211; Julio  2016\t\t\t\t<\/a>\n\t\t\t<\/h4>\n\t\t\n\t\t\t\t\t\t\t\n\t\t\t<div class=\"fusion-rollover-categories\"><a href=\"https:\/\/jesusfernandezbailaor.com\/flamenco\/category\/agenda\/\" rel=\"tag\">Agenda<\/a><\/div>\t\t\n\t\t\n\t\t\t\t\n\t\t\t\t\n\t\t\t\t\t<\/div>\n<\/div>\n\n\t\n<\/div>\n<\/li>\n\t\t\t\n\t\t\t\t\t\t\t\t\t\t\t\t\t\t\t\t\t\t\t\t\t\t\t\t\t\t\t\t\t\t\t\t\t\t\t\t\t\t\t\t\t\t\t\t\t\t\t\t\t\t\t\t\t\t\t\t\t\t\t\t\t\t\t\t\t\t\t\t\t\t\t<\/ul>\n\t<\/div>\n<div class=\"fusion-post-content-wrapper\"><div class=\"fusion-post-content post-content\"><h2 class=\"entry-title\"><a href=\"https:\/\/jesusfernandezbailaor.com\/flamenco\/junio-y-julio-2016-2\/\">Junio &#8211; Julio  2016<\/a><\/h2><div class=\"fusion-post-content-container\"><\/div><\/div><\/div><div class=\"fusion-clearfix\"><\/div><\/div>\n<\/div>\n<div id=\"post-707\" class=\"fusion-post-grid post-707 post type-post status-publish format-standard has-post-thumbnail hentry category-agenda\">\n<div class=\"fusion-post-wrapper\">\n\n\n\t<div class=\"fusion-flexslider flexslider fusion-flexslider-loading fusion-post-slideshow\">\n\t\t<ul class=\"slides\">\n\t\t\t\n\t\t\t\t\t\t\t\t\t\t\t\t\t\t\t\t\t\t<li>\n<div class=\"fusion-image-wrapper\" aria-haspopup=\"true\">\n\n\t\n\t\t\n\t\t\t\t\t<img width=\"800\" height=\"534\" src=\"https:\/\/jesusfernandezbailaor.com\/flamenco\/wp-content\/uploads\/2016\/04\/agenda-abril-mayo.jpg\" class=\"attachment-full size-full wp-post-image\" alt=\"\" loading=\"lazy\" \/>\n\t\n\n\t\t<div class=\"fusion-rollover\">\n\t<div class=\"fusion-rollover-content\">\n\n\t\t\t\t\t\t\t\t\t\t\t\t\t\t<a class=\"fusion-rollover-link\" href=\"https:\/\/jesusfernandezbailaor.com\/flamenco\/abril-y-mayo-2016\/\">Permalink<\/a>\n\t\t\t\n\t\t\t\t\t\t\t\t\t\t\t\t\t\t\n\t\t\t\t\t\t\t\t\n\t\t\t\t\t\t\t\t\t\t\t\t\t<div class=\"fusion-rollover-sep\"><\/div>\n\t\t\t\t\n\t\t\t\t\t\t\t\t\t\t\t\t\t\t\t\t\t\t<a class=\"fusion-rollover-gallery\" href=\"https:\/\/jesusfernandezbailaor.com\/flamenco\/wp-content\/uploads\/2016\/04\/agenda-abril-mayo.jpg\" data-id=\"707\" data-rel=\"iLightbox[gallery]\" data-title=\"agenda-abril-mayo\" data-caption=\"\">\n\t\t\t\t\t\tGallery\t\t\t\t\t<\/a>\n\t\t\t\t\t\t\t\t\t\t\t\t\t\t\n\t\t\t\t\t\t\t<h4 class=\"fusion-rollover-title\">\n\t\t\t\t<a href=\"https:\/\/jesusfernandezbailaor.com\/flamenco\/abril-y-mayo-2016\/\">\n\t\t\t\t\tAbril &#8211; Mayo  2016\t\t\t\t<\/a>\n\t\t\t<\/h4>\n\t\t\n\t\t\t\t\t\t\t\n\t\t\t<div class=\"fusion-rollover-categories\"><a href=\"https:\/\/jesusfernandezbailaor.com\/flamenco\/category\/agenda\/\" rel=\"tag\">Agenda<\/a><\/div>\t\t\n\t\t\n\t\t\t\t\n\t\t\t\t\n\t\t\t\t\t<\/div>\n<\/div>\n\n\t\n<\/div>\n<\/li>\n\t\t\t\n\t\t\t\t\t\t\t\t\t\t\t\t\t\t\t\t\t\t\t\t\t\t\t\t\t\t\t\t\t\t\t\t\t\t\t\t\t\t\t\t\t\t\t\t\t\t\t\t\t\t\t\t\t\t\t\t\t\t\t\t\t\t\t\t\t\t\t\t\t\t\t<\/ul>\n\t<\/div>\n<div class=\"fusion-post-content-wrapper\"><div class=\"fusion-post-content post-content\"><h2 class=\"entry-title\"><a href=\"https:\/\/jesusfernandezbailaor.com\/flamenco\/abril-y-mayo-2016\/\">Abril &#8211; Mayo  2016<\/a><\/h2><div class=\"fusion-post-content-container\"><\/div><\/div><\/div><div class=\"fusion-clearfix\"><\/div><\/div>\n<\/div>\n<div class=\"fusion-clearfix\"><\/div><\/div><\/div><div class=\"fusion-clearfix\"><\/div><\/div><\/div><div class=\"fusion-clearfix\"><\/div><\/div><\/div>\n","protected":false},"excerpt":{"rendered":"","protected":false},"author":3,"featured_media":0,"parent":163,"menu_order":0,"comment_status":"closed","ping_status":"closed","template":"","meta":{"spay_email":""},"jetpack_sharing_enabled":true,"jetpack_shortlink":"https:\/\/wp.me\/P81ZVU-m","_links":{"self":[{"href":"https:\/\/jesusfernandezbailaor.com\/flamenco\/wp-json\/wp\/v2\/pages\/22"}],"collection":[{"href":"https:\/\/jesusfernandezbailaor.com\/flamenco\/wp-json\/wp\/v2\/pages"}],"about":[{"href":"https:\/\/jesusfernandezbailaor.com\/flamenco\/wp-json\/wp\/v2\/types\/page"}],"author":[{"embeddable":true,"href":"https:\/\/jesusfernandezbailaor.com\/flamenco\/wp-json\/wp\/v2\/users\/3"}],"replies":[{"embeddable":true,"href":"https:\/\/jesusfernandezbailaor.com\/flamenco\/wp-json\/wp\/v2\/comments?post=22"}],"version-history":[{"count":37,"href":"https:\/\/jesusfernandezbailaor.com\/flamenco\/wp-json\/wp\/v2\/pages\/22\/revisions"}],"predecessor-version":[{"id":1023,"href":"https:\/\/jesusfernandezbailaor.com\/flamenco\/wp-json\/wp\/v2\/pages\/22\/revisions\/1023"}],"up":[{"embeddable":true,"href":"https:\/\/jesusfernandezbailaor.com\/flamenco\/wp-json\/wp\/v2\/pages\/163"}],"wp:attachment":[{"href":"https:\/\/jesusfernandezbailaor.com\/flamenco\/wp-json\/wp\/v2\/media?parent=22"}],"curies":[{"name":"wp","href":"https:\/\/api.w.org\/{rel}","templated":true}]}}