{"id":18,"date":"2015-11-12T13:25:06","date_gmt":"2015-11-12T13:25:06","guid":{"rendered":"https:\/\/jesusfernandezbailaor.com\/flamenco\/?page_id=18"},"modified":"2016-04-12T10:45:33","modified_gmt":"2016-04-12T10:45:33","slug":"con-mis-flamencos-colaboraciones","status":"publish","type":"page","link":"https:\/\/jesusfernandezbailaor.com\/flamenco\/con-mis-flamencos-colaboraciones\/","title":{"rendered":"Con mis flamencos colaboraciones"},"content":{"rendered":"<div class=\"fusion-bg-parallax\" data-bg-align=\"left top\" data-direction=\"up\" data-mute=\"yes\" data-opacity=\"100\" data-velocity=\"-0.3\" data-mobile-enabled=\"false\" data-break-parents=\"0\" data-bg-repeat=\"false\"><\/div><div class=\"fusion-fullwidth fullwidth-box fusion-fullwidth-1  fusion-parallax-up nonhundred-percent-fullwidth\" style=\"border-color:#eae9e9;border-bottom-width: 0px;border-top-width: 0px;border-bottom-style: solid;border-top-style: solid;padding-bottom:0px;padding-top:50px;padding-left:20px;padding-right:20px;\"><style type=\"text\/css\" scoped=\"scoped\">.fusion-fullwidth-1 {\n                            padding-left: 20px !important;\n                            padding-right: 20px !important;\n                        }<\/style><div class=\"fusion-row\"><div class=\"fusion-one-full fusion-layout-column fusion-column-last fusion-spacing-yes\" style=\"margin-top:0px;margin-bottom:20px;\"><div class=\"fusion-column-wrapper\" style=\"background-color:rgba(0,0,0,0.7);border:1px solid #000000;padding:20px 20px 0px 20px;\"><p style=\"text-align: center;\"><span style=\"color: #ffffff;\">Siempre es un placer compartir momentos y <span style=\"color: #dd0000;\">colaborar<\/span> con todos y cada uno de vosotros, cu\u00e1nto me aport\u00e1is\u2026<\/span><\/p>\n<div class=\"fusion-clearfix\"><\/div><\/div><\/div><div class=\"fusion-clearfix\"><\/div><\/div><\/div><div class=\"fusion-bg-parallax\" data-bg-align=\"left top\" data-direction=\"up\" data-mute=\"yes\" data-opacity=\"100\" data-velocity=\"-0.3\" data-mobile-enabled=\"false\" data-break-parents=\"0\" data-bg-repeat=\"false\"><\/div><div class=\"fusion-fullwidth fullwidth-box fusion-fullwidth-2  fusion-parallax-up nonhundred-percent-fullwidth fusion-equal-height-columns\" style=\"border-color:#eae9e9;border-bottom-width: 0px;border-top-width: 0px;border-bottom-style: solid;border-top-style: solid;padding-bottom:0px;padding-top:0px;padding-left:20px;padding-right:20px;\"><style type=\"text\/css\" scoped=\"scoped\">.fusion-fullwidth-2 {\n                            padding-left: 20px !important;\n                            padding-right: 20px !important;\n                        }<\/style><div class=\"fusion-row\"><div class=\"fusion-one-half fusion-layout-column fusion-spacing-yes\" style=\"margin-top:0px;margin-bottom:20px;\"><div class=\"fusion-column-wrapper\" style=\"background-color:rgba(0,0,0,0.7);border:1px solid #000000;padding:0px 20px 0px 20px;\"><div class=\"fusion-column-table\"><div class=\"fusion-column-tablecell\"><h1 class=\"yt watch-title-container\" style=\"text-align: center;\"><span style=\"color: #ffffff;\">Caijere<\/span><\/h1>\n<div class=\"fusion-video fusion-vimeo\" style=\"max-width:600px;max-height:350px;\"><div class=\"video-shortcode\"><iframe src=\"https:\/\/player.vimeo.com\/video\/150665471?autoplay=0\" width=\"600\" height=\"350\" allowfullscreen><\/iframe><\/div><\/div><div class=\"fusion-clearfix\"><\/div><\/div><\/div><\/div><\/div><div class=\"fusion-one-half fusion-layout-column fusion-column-last fusion-spacing-yes\" style=\"margin-top:0px;margin-bottom:20px;\"><div class=\"fusion-column-wrapper\" style=\"background-color:rgba(0,0,0,0.7);border:1px solid #000000;padding:0px 20px 0px 20px;\"><div class=\"fusion-column-table\"><div class=\"fusion-column-tablecell\"><h1 class=\"yt watch-title-container\" style=\"text-align: center;\"><span id=\"eow-title\" class=\"watch-title \" dir=\"ltr\" style=\"color: #ffffff;\" title=\"Jes\u00fas Fern\u00e1ndez Flamenco | Fragmento del Espect\u00e1culo Gaditaneado - C\u00e1diz\">REW<\/span><\/h1>\n<div class=\"fusion-video fusion-youtube\" style=\"max-width:600px;max-height:350px;\"><div class=\"video-shortcode\"><iframe title=\"YouTube video player\" src=\"https:\/\/www.youtube.com\/embed\/0wBAQ8GRLmk?wmode=transparent&autoplay=0\" width=\"600\" height=\"350\" allowfullscreen><\/iframe><\/div><\/div><div class=\"fusion-clearfix\"><\/div><\/div><\/div><\/div><\/div><div class=\"fusion-clearfix\"><\/div><\/div><\/div><div class=\"fusion-bg-parallax\" data-bg-align=\"left top\" data-direction=\"up\" data-mute=\"yes\" data-opacity=\"100\" data-velocity=\"-0.3\" data-mobile-enabled=\"false\" data-break-parents=\"0\" data-bg-repeat=\"false\"><\/div><div class=\"fusion-fullwidth fullwidth-box fusion-fullwidth-3  fusion-parallax-up nonhundred-percent-fullwidth fusion-equal-height-columns\" style=\"border-color:#eae9e9;border-bottom-width: 0px;border-top-width: 0px;border-bottom-style: solid;border-top-style: solid;padding-bottom:0px;padding-top:0px;padding-left:20px;padding-right:20px;\"><style type=\"text\/css\" scoped=\"scoped\">.fusion-fullwidth-3 {\n                            padding-left: 20px !important;\n                            padding-right: 20px !important;\n                        }<\/style><div class=\"fusion-row\"><div class=\"fusion-one-half fusion-layout-column fusion-spacing-yes\" style=\"margin-top:0px;margin-bottom:20px;\"><div class=\"fusion-column-wrapper\" style=\"background-color:rgba(0,0,0,0.7);border:1px solid #000000;padding:0px 20px 0px 20px;\"><div class=\"fusion-column-table\"><div class=\"fusion-column-tablecell\"><h1 class=\"yt watch-title-container\" style=\"text-align: center;\"><span id=\"eow-title\" class=\"watch-title \" dir=\"ltr\" style=\"color: #ffffff;\" title=\"JESUS FERNANDEZ - ROSA, METAL Y CENIZA - FLAMENCO\">Rosa, Metal y Ceniza<br \/>\n<\/span><\/h1>\n<div class=\"fusion-video fusion-youtube\" style=\"max-width:600px;max-height:350px;\"><div class=\"video-shortcode\"><iframe title=\"YouTube video player\" src=\"https:\/\/www.youtube.com\/embed\/_8sgVjJNT5A?wmode=transparent&autoplay=0\" width=\"600\" height=\"350\" allowfullscreen><\/iframe><\/div><\/div><div class=\"fusion-clearfix\"><\/div><\/div><\/div><\/div><\/div><div class=\"fusion-one-half fusion-layout-column fusion-column-last fusion-spacing-yes\" style=\"margin-top:0px;margin-bottom:20px;\"><div class=\"fusion-column-wrapper\" style=\"background-color:rgba(0,0,0,0.7);border:1px solid #000000;padding:0px 20px 0px 20px;\"><div class=\"fusion-column-table\"><div class=\"fusion-column-tablecell\"><h1 class=\"yt watch-title-container\" style=\"text-align: center;\"><span style=\"color: #ffffff;\">Tablao<\/span><\/h1>\n<div class=\"fusion-video fusion-youtube\" style=\"max-width:600px;max-height:350px;\"><div class=\"video-shortcode\"><iframe title=\"YouTube video player\" src=\"https:\/\/www.youtube.com\/embed\/Q2rCl_L4qtE?wmode=transparent&autoplay=0\" width=\"600\" height=\"350\" allowfullscreen><\/iframe><\/div><\/div><div class=\"fusion-clearfix\"><\/div><\/div><\/div><\/div><\/div><div class=\"fusion-clearfix\"><\/div><div class=\"fusion-one-half fusion-layout-column fusion-spacing-yes\" style=\"margin-top:0px;margin-bottom:20px;\"><div class=\"fusion-column-wrapper\" style=\"background-color:rgba(0,0,0,0.7);border:1px solid #000000;padding:0px 20px 0px 20px;\"><div class=\"fusion-column-table\"><div class=\"fusion-column-tablecell\"><h1 class=\"yt watch-title-container\" style=\"text-align: center;\"><span style=\"color: #ffffff;\">Blanca del Rey \u00abEl \u00faltimo vuelo del mant\u00f3n\u00bb<\/span><\/h1>\n<div class=\"fusion-video fusion-youtube\" style=\"max-width:600px;max-height:350px;\"><div class=\"video-shortcode\"><iframe title=\"YouTube video player\" src=\"https:\/\/www.youtube.com\/embed\/YBMqmxPmp18?wmode=transparent&autoplay=0\" width=\"600\" height=\"350\" allowfullscreen><\/iframe><\/div><\/div><div class=\"fusion-clearfix\"><\/div><\/div><\/div><\/div><\/div><div class=\"fusion-one-half fusion-layout-column fusion-column-last fusion-spacing-yes\" style=\"margin-top:0px;margin-bottom:20px;\"><div class=\"fusion-column-wrapper\" style=\"background-color:rgba(0,0,0,0.7);border:1px solid #000000;padding:0px 20px 0px 20px;\"><div class=\"fusion-column-table\"><div class=\"fusion-column-tablecell\"><h1 class=\"yt watch-title-container\" style=\"text-align: center;\"><span style=\"color: #ffffff;\">Paso a dos &#8211; Pepa Molina y Jes\u00fas Fern\u00e1ndez<\/span><\/h1>\n<div class=\"fusion-video fusion-youtube\" style=\"max-width:600px;max-height:350px;\"><div class=\"video-shortcode\"><iframe title=\"YouTube video player\" src=\"https:\/\/www.youtube.com\/embed\/VlPYpE0njyo?wmode=transparent&autoplay=0\" width=\"600\" height=\"350\" allowfullscreen><\/iframe><\/div><\/div><div class=\"fusion-clearfix\"><\/div><\/div><\/div><\/div><\/div><div class=\"fusion-clearfix\"><\/div><div class=\"fusion-one-half fusion-layout-column fusion-column-last fusion-spacing-yes\" style=\"margin-top:0px;margin-bottom:20px;\"><div class=\"fusion-column-wrapper\" style=\"background-color:rgba(0,0,0,0.7);border:1px solid #000000;padding:0px 20px 0px 20px;\"><div class=\"fusion-column-table\"><div class=\"fusion-column-tablecell\"><h1 class=\"yt watch-title-container\" style=\"text-align: center;\"><span style=\"color: #ffffff;\">Medea<\/span><\/h1>\n<div class=\"fusion-video fusion-youtube\" style=\"max-width:600px;max-height:350px;\"><div class=\"video-shortcode\"><iframe title=\"YouTube video player\" src=\"https:\/\/www.youtube.com\/embed\/IF94DlKvbpw?wmode=transparent&autoplay=0\" width=\"600\" height=\"350\" allowfullscreen><\/iframe><\/div><\/div><div class=\"fusion-clearfix\"><\/div><\/div><\/div><\/div><\/div><div class=\"fusion-clearfix\"><\/div><\/div><\/div>\n","protected":false},"excerpt":{"rendered":"","protected":false},"author":3,"featured_media":0,"parent":0,"menu_order":0,"comment_status":"closed","ping_status":"closed","template":"100-width.php","meta":{"spay_email":""},"jetpack_sharing_enabled":true,"jetpack_shortlink":"https:\/\/wp.me\/P81ZVU-i","_links":{"self":[{"href":"https:\/\/jesusfernandezbailaor.com\/flamenco\/wp-json\/wp\/v2\/pages\/18"}],"collection":[{"href":"https:\/\/jesusfernandezbailaor.com\/flamenco\/wp-json\/wp\/v2\/pages"}],"about":[{"href":"https:\/\/jesusfernandezbailaor.com\/flamenco\/wp-json\/wp\/v2\/types\/page"}],"author":[{"embeddable":true,"href":"https:\/\/jesusfernandezbailaor.com\/flamenco\/wp-json\/wp\/v2\/users\/3"}],"replies":[{"embeddable":true,"href":"https:\/\/jesusfernandezbailaor.com\/flamenco\/wp-json\/wp\/v2\/comments?post=18"}],"version-history":[{"count":59,"href":"https:\/\/jesusfernandezbailaor.com\/flamenco\/wp-json\/wp\/v2\/pages\/18\/revisions"}],"predecessor-version":[{"id":706,"href":"https:\/\/jesusfernandezbailaor.com\/flamenco\/wp-json\/wp\/v2\/pages\/18\/revisions\/706"}],"wp:attachment":[{"href":"https:\/\/jesusfernandezbailaor.com\/flamenco\/wp-json\/wp\/v2\/media?parent=18"}],"curies":[{"name":"wp","href":"https:\/\/api.w.org\/{rel}","templated":true}]}}