{"id":14,"date":"2015-11-12T13:23:57","date_gmt":"2015-11-12T13:23:57","guid":{"rendered":"https:\/\/jesusfernandezbailaor.com\/flamenco\/?page_id=14"},"modified":"2016-04-15T11:28:39","modified_gmt":"2016-04-15T11:28:39","slug":"mis-desplantes-proyectos","status":"publish","type":"page","link":"https:\/\/jesusfernandezbailaor.com\/flamenco\/mis-desplantes-proyectos\/","title":{"rendered":"Mis desplantes proyectos"},"content":{"rendered":"<div class=\"fusion-fullwidth fullwidth-box fusion-fullwidth-1  fusion-parallax-none nonhundred-percent-fullwidth\" style=\"border-color:#eae9e9;border-bottom-width: 0px;border-top-width: 0px;border-bottom-style: solid;border-top-style: solid;padding-bottom:20px;padding-top:50px;padding-left:20px;padding-right:20px;background-color:rgba(255,255,255,0);\"><style type=\"text\/css\" scoped=\"scoped\">.fusion-fullwidth-1 {\n                            padding-left: 20px !important;\n                            padding-right: 20px !important;\n                        }<\/style><div class=\"fusion-row\"><div class=\"fusion-one-full fusion-layout-column fusion-column-last fusion-spacing-yes\" style=\"margin-top:0px;margin-bottom:20px;\"><div class=\"fusion-column-wrapper\" style=\"background-color:rgba(0,0,0,0.5);border:1px solid #000000;padding:0px 20px 0px 20px;\"><h1><span style=\"color: #ffffff;\">Aqu\u00ed pod\u00e9is ver mis \u00faltimos proyectos<\/span><\/h1>\n<div class=\"fusion-clearfix\"><\/div><\/div><\/div><div class=\"fusion-clearfix\"><\/div><div class=\"fusion-one-full fusion-layout-column fusion-column-last fusion-spacing-no\" style=\"margin-top:0px;margin-bottom:20px;\"><div class=\"fusion-column-wrapper\" style=\"background-color:rgba(0,0,0,0.5);border:1px solid #000000;padding:0px 20px 20px 20px;\"><div class=\"fusion-column-table\"><div class=\"fusion-column-tablecell\">\n\n\n<div id=\"wpv-view-layout-505\" class=\"js-wpv-view-layout js-wpv-layout-responsive js-wpv-view-layout-505\" data-viewnumber=\"505\" data-pagination=\"{&quot;id&quot;:&quot;505&quot;,&quot;query&quot;:&quot;normal&quot;,&quot;type&quot;:&quot;disabled&quot;,&quot;effect&quot;:&quot;fade&quot;,&quot;duration&quot;:500,&quot;speed&quot;:5,&quot;pause_on_hover&quot;:&quot;disabled&quot;,&quot;stop_rollover&quot;:&quot;false&quot;,&quot;cache_pages&quot;:&quot;enabled&quot;,&quot;preload_images&quot;:&quot;enabled&quot;,&quot;preload_pages&quot;:&quot;enabled&quot;,&quot;preload_reach&quot;:1,&quot;spinner&quot;:&quot;builtin&quot;,&quot;spinner_image&quot;:&quot;https:\/\/jesusfernandezbailaor.com\/flamenco\/wp-content\/plugins\/wp-views\/res\/img\/ajax-loader.gif&quot;,&quot;callback_next&quot;:&quot;&quot;,&quot;manage_history&quot;:&quot;disabled&quot;,&quot;has_controls_in_form&quot;:&quot;disabled&quot;,&quot;infinite_tolerance&quot;:&quot;0&quot;,&quot;max_pages&quot;:0,&quot;page&quot;:1,&quot;base_permalink&quot;:&quot;\/flamenco\/wp-json\/wp\/v2\/pages\/14?wpv_view_count=505&amp;wpv_paged=WPV_PAGE_NUM&quot;,&quot;loop&quot;:{&quot;type&quot;:&quot;&quot;,&quot;name&quot;:&quot;&quot;,&quot;data&quot;:[],&quot;id&quot;:0}}\" data-permalink=\"\/flamenco\/wp-json\/wp\/v2\/pages\/14?wpv_view_count=505\">\n\n\t\n\t\n\t<ul class=\"wpv-loop js-wpv-loop listadesp\">\n\t\t\n\t\t\t<li class=\"itemdesp\">\n\t\t\t\t<a href=\"https:\/\/jesusfernandezbailaor.com\/flamenco\/mis-desplantes\/puntos-inacabados\/\"><img width=\"300\" height=\"200\" src=\"https:\/\/jesusfernandezbailaor.com\/flamenco\/wp-content\/uploads\/2019\/11\/puntos-inacabados.jpg\" class=\"attachment-full size-full imgdesp wp-post-image\" alt=\"\" loading=\"lazy\" srcset=\"https:\/\/jesusfernandezbailaor.com\/flamenco\/wp-content\/uploads\/2019\/11\/puntos-inacabados-200x133.jpg 200w, https:\/\/jesusfernandezbailaor.com\/flamenco\/wp-content\/uploads\/2019\/11\/puntos-inacabados.jpg 300w\" sizes=\"(max-width: 300px) 100vw, 300px\" \/><\/a>\n\t\t\t\t<a href=\"https:\/\/jesusfernandezbailaor.com\/flamenco\/mis-desplantes\/puntos-inacabados\/\" class=\"titulodesp\" style=\"color:#BE2E32; text-align:center; padding:0 0 0.5em 0;\">Puntos inacabados\u2026<\/a>\n              <p>LUGAR DE ESTRENO XXII Festival de Jerez, Sala Pa\u00fal 5 de marzo 2018 &nbsp; SINOPSIS \u00abHay quienes duran poco en nuestra vida, pero la transforman para siempre&#8230;\u00bb Existen personas que solo cruzan en tu vida una mirada, una palabra o un simple comentario y basta que algo en nuestra vida&#8230;<\/p>\n           \n\t\t\t<\/li>\n\t\t\n\t\t\t<li class=\"itemdesp\">\n\t\t\t\t<a href=\"https:\/\/jesusfernandezbailaor.com\/flamenco\/mis-desplantes\/gaditaneando\/\"><img width=\"300\" height=\"450\" src=\"https:\/\/jesusfernandezbailaor.com\/flamenco\/wp-content\/uploads\/2015\/11\/MIS-DESPLANTES-CARTEL-GADITANEANDO.jpg\" class=\"attachment-full size-full imgdesp wp-post-image\" alt=\"\" loading=\"lazy\" srcset=\"https:\/\/jesusfernandezbailaor.com\/flamenco\/wp-content\/uploads\/2015\/11\/MIS-DESPLANTES-CARTEL-GADITANEANDO-200x300.jpg 200w, https:\/\/jesusfernandezbailaor.com\/flamenco\/wp-content\/uploads\/2015\/11\/MIS-DESPLANTES-CARTEL-GADITANEANDO.jpg 300w\" sizes=\"(max-width: 300px) 100vw, 300px\" \/><\/a>\n\t\t\t\t<a href=\"https:\/\/jesusfernandezbailaor.com\/flamenco\/mis-desplantes\/gaditaneando\/\" class=\"titulodesp\" style=\"color:#BE2E32; text-align:center; padding:0 0 0.5em 0;\">Gaditaneando<\/a>\n              <p>LUGAR DE ESTRENO C\u00e1diz. Sala Central Lechera. Mayo 2014 &nbsp; SINOPSIS \u201cC\u00e1diz, ciudad del mar, ciudad de luz, de apasionante misterio, con treinta siglos de historia que la contemplan desde la Gadir fenicia hasta la C\u00e1diz actual. Mujer del mar, de m\u00e1rmol y brisa, de belleza reflejada cada ma\u00f1ana en&#8230;<\/p>\n           \n\t\t\t<\/li>\n\t\t\n\t\t\t<li class=\"itemdesp\">\n\t\t\t\t<a href=\"https:\/\/jesusfernandezbailaor.com\/flamenco\/mis-desplantes\/ataduras\/\"><img width=\"300\" height=\"419\" src=\"https:\/\/jesusfernandezbailaor.com\/flamenco\/wp-content\/uploads\/2015\/11\/MIS-DESPLANTES-CARTEL-ATADURAS.jpg\" class=\"attachment-full size-full imgdesp wp-post-image\" alt=\"\" loading=\"lazy\" srcset=\"https:\/\/jesusfernandezbailaor.com\/flamenco\/wp-content\/uploads\/2015\/11\/MIS-DESPLANTES-CARTEL-ATADURAS-215x300.jpg 215w, https:\/\/jesusfernandezbailaor.com\/flamenco\/wp-content\/uploads\/2015\/11\/MIS-DESPLANTES-CARTEL-ATADURAS.jpg 300w\" sizes=\"(max-width: 300px) 100vw, 300px\" \/><\/a>\n\t\t\t\t<a href=\"https:\/\/jesusfernandezbailaor.com\/flamenco\/mis-desplantes\/ataduras\/\" class=\"titulodesp\" style=\"color:#BE2E32; text-align:center; padding:0 0 0.5em 0;\">Ataduras<\/a>\n              <p>LUGAR DE ESTRENO Birmingham. Theatre The Patrick Center. Nov 2009. Reino Unido SINOPSIS Este espect\u00e1culo, estrenado el pasado mes de noviembre en el Theatre Patrick Center de Londres, Es una reflexi\u00f3n en voz alta. Plantea en escena emociones y diferentes estados de \u00e1nimo que nos asaltan, muchas dominan e impiden&#8230;<\/p>\n           \n\t\t\t<\/li>\n\t\t\n\t\t\t<li class=\"itemdesp\">\n\t\t\t\t<a href=\"https:\/\/jesusfernandezbailaor.com\/flamenco\/mis-desplantes\/a-3-bandas\/\"><img width=\"300\" height=\"214\" src=\"https:\/\/jesusfernandezbailaor.com\/flamenco\/wp-content\/uploads\/2016\/02\/a-3-bandas-cartel.jpg\" class=\"attachment-full size-full imgdesp wp-post-image\" alt=\"\" loading=\"lazy\" \/><\/a>\n\t\t\t\t<a href=\"https:\/\/jesusfernandezbailaor.com\/flamenco\/mis-desplantes\/a-3-bandas\/\" class=\"titulodesp\" style=\"color:#BE2E32; text-align:center; padding:0 0 0.5em 0;\">A 3 Bandas<\/a>\n              <p>LUGAR DE ESTRENO Casa del Lago Juan Jose Arreola. M\u00e9xico D.F Noviembre 2013 SINOPSIS Un espect\u00e1culo \u00edntimo sin estructuras ni anlcajes, en el que predomina el baile el toque y el cante en sus m\u00e1s altos niveles de expresi\u00f3n. Sin m\u00e1s pretensiones que la de buscar el propio disfrute personal&#8230;<\/p>\n           \n\t\t\t<\/li>\n\t\t\n\t<\/ul>\n\t\n\t\n\t\n<\/div>\n\n\n<div class=\"fusion-clearfix\"><\/div><\/div><\/div><\/div><\/div><div class=\"fusion-clearfix\"><\/div><\/div><\/div>\n","protected":false},"excerpt":{"rendered":"","protected":false},"author":3,"featured_media":0,"parent":0,"menu_order":0,"comment_status":"closed","ping_status":"closed","template":"","meta":{"spay_email":""},"jetpack_sharing_enabled":true,"jetpack_shortlink":"https:\/\/wp.me\/P81ZVU-e","_links":{"self":[{"href":"https:\/\/jesusfernandezbailaor.com\/flamenco\/wp-json\/wp\/v2\/pages\/14"}],"collection":[{"href":"https:\/\/jesusfernandezbailaor.com\/flamenco\/wp-json\/wp\/v2\/pages"}],"about":[{"href":"https:\/\/jesusfernandezbailaor.com\/flamenco\/wp-json\/wp\/v2\/types\/page"}],"author":[{"embeddable":true,"href":"https:\/\/jesusfernandezbailaor.com\/flamenco\/wp-json\/wp\/v2\/users\/3"}],"replies":[{"embeddable":true,"href":"https:\/\/jesusfernandezbailaor.com\/flamenco\/wp-json\/wp\/v2\/comments?post=14"}],"version-history":[{"count":53,"href":"https:\/\/jesusfernandezbailaor.com\/flamenco\/wp-json\/wp\/v2\/pages\/14\/revisions"}],"predecessor-version":[{"id":746,"href":"https:\/\/jesusfernandezbailaor.com\/flamenco\/wp-json\/wp\/v2\/pages\/14\/revisions\/746"}],"wp:attachment":[{"href":"https:\/\/jesusfernandezbailaor.com\/flamenco\/wp-json\/wp\/v2\/media?parent=14"}],"curies":[{"name":"wp","href":"https:\/\/api.w.org\/{rel}","templated":true}]}}